{"id":69,"date":"2014-12-24T11:04:55","date_gmt":"2014-12-24T11:04:55","guid":{"rendered":"http:\/\/eika-informatique.com\/~eika-ftp\/?page_id=69"},"modified":"2022-02-17T12:22:17","modified_gmt":"2022-02-17T11:22:17","slug":"sav","status":"publish","type":"page","link":"https:\/\/archive.eika.bzh\/?page_id=69","title":{"rendered":"SAV"},"content":{"rendered":"<p>Pour tout probl\u00e8me concernant votre mat\u00e9riel, Eika Informatique s&rsquo;occupe du service apr\u00e8s-vente.<\/p>\n<p>&nbsp;<\/p>\n<h2>Utilisez le support<\/h2>\n<p>Cliquez sur le bonhomme pour lancer le t\u00e9l\u00e9chargement du support, ex\u00e9cutez le une fois t\u00e9l\u00e9charg\u00e9 et communiquez l&rsquo;identifiant et le mot de passe \u00e0 notre technicien pour qu&rsquo;il puisse intervenir sur votre mat\u00e9riel \u00e0 distance.<\/p>\n<p><a title=\"Support personalise\" href=\"https:\/\/get.teamviewer.com\/6jxxe3y\" target=\"_blank\" rel=\"noopener\"><img decoding=\"async\" loading=\"lazy\" class=\"alignnone wp-image-351 size-full\" src=\"https:\/\/eika.bzh\/wp-content\/uploads\/2014\/12\/bonhomme-tel-cle-molette-Small.png\" alt=\"bonhomme-tel-cle-molette-Small\" width=\"141\" height=\"80\" \/><\/a><\/p>\n<h2>Contactez-nous<\/h2>\n<p>Si toute fois vous \u00eates toujours en difficult\u00e9, n&rsquo;h\u00e9sitez pas \u00e0 nous t\u00e9l\u00e9phoner au <strong>02 98 55 23 91<\/strong>.<\/p>\n<p>&nbsp;<\/p>\n<h2>Bo\u00eete \u00e0 outils<\/h2>\n<p><strong><a title=\"T\u00e9l\u00e9chargement de VLC\" href=\"http:\/\/eika.bzh\/wp-content\/uploads\/2014\/12\/Logo-VLC.png\" target=\"_blank\" rel=\"noopener\"><img decoding=\"async\" loading=\"lazy\" class=\"alignnone wp-image-260 \" src=\"http:\/\/eika.bzh\/wp-content\/uploads\/2014\/12\/Logo-VLC.png\" alt=\"\" width=\"75\" height=\"75\" srcset=\"https:\/\/eika.bzh\/wp-content\/uploads\/2014\/12\/Logo-VLC.png 100w, https:\/\/eika.bzh\/wp-content\/uploads\/2014\/12\/Logo-VLC-90x90.png 90w\" sizes=\"(max-width: 75px) 100vw, 75px\" \/><\/a><span style=\"color: #000000;\"> <a style=\"color: #000000; text-decoration: none;\" href=\"http:\/\/www.videolan.org\/vlc\/download-windows.html\" target=\"_blank\" rel=\"noopener\">VLC (vid\u00e9o lan)<\/a><\/span><\/strong><\/p>\n<p>Logiciel gratuit pour la lecture de fichier vid\u00e9o et de musique. <strong><span style=\"color: #000000;\"><a style=\"text-decoration: none; color: #000000;\" title=\"Site officiel VLC\" href=\"http:\/\/www.videolan.org\/\" target=\"_blank\" rel=\"noopener\">Site officiel<\/a><\/span><\/strong><\/p>\n<p><a title=\"T\u00e9l\u00e9chargement de Malwarebytes\" href=\"http:\/\/eika.bzh\/wp-content\/uploads\/2014\/12\/Logo-Malwarebytes.png\" target=\"_blank\" rel=\"noopener\"><img decoding=\"async\" loading=\"lazy\" class=\"alignnone wp-image-261 \" src=\"http:\/\/eika.bzh\/wp-content\/uploads\/2014\/12\/Logo-Malwarebytes.png\" alt=\"\" width=\"66\" height=\"66\" srcset=\"https:\/\/eika.bzh\/wp-content\/uploads\/2014\/12\/Logo-Malwarebytes.png 100w, https:\/\/eika.bzh\/wp-content\/uploads\/2014\/12\/Logo-Malwarebytes-90x90.png 90w\" sizes=\"(max-width: 66px) 100vw, 66px\" \/><\/a><span style=\"color: #000000;\"> <a style=\"color: #000000; text-decoration: none;\" href=\"http:\/\/fr.malwarebytes.org\/mwb-download\/?language=fr\" target=\"_blank\" rel=\"noopener\"><strong>Malwarebytes<\/strong><\/a><\/span><\/p>\n<p>Logiciel antimalware qui nettoie votre machine (lancez le r\u00e9guli\u00e8rement). Attention, il ne s&rsquo;agit pas d&rsquo;un antivirus. <strong><span style=\"color: #000000;\"><a style=\"color: #000000; text-decoration: none;\" title=\"site officiel malware byte\" href=\"http:\/\/fr.malwarebytes.org\/\">Site officiel<\/a><\/span><\/strong><\/p>\n<p><a title=\"T\u00e9l\u00e9chargement de Mozilla Firefox\" href=\"http:\/\/eika.bzh\/wp-content\/uploads\/2014\/12\/Logo-Mozilla-Firefox.png\" target=\"_blank\" rel=\"noopener\"><img decoding=\"async\" loading=\"lazy\" class=\"alignnone wp-image-262 \" src=\"http:\/\/eika.bzh\/wp-content\/uploads\/2014\/12\/Logo-Mozilla-Firefox.png\" alt=\"\" width=\"74\" height=\"71\" \/><\/a> <span style=\"color: #000000;\"><a style=\"color: #000000; text-decoration: none;\" href=\"https:\/\/www.mozilla.org\/fr\/firefox\/new\/\" target=\"_blank\" rel=\"noopener\"><strong>Mozilla Firefox<\/strong><\/a><\/span><\/p>\n<p>Navigateur internet. <strong><span style=\"color: #000000;\"><a style=\"color: #000000; text-decoration: none;\" title=\"site officiel Firefox\" href=\"https:\/\/www.mozilla.org\/fr\/firefox\/desktop\/\">Site officiel<\/a><\/span><\/strong><\/p>\n<p><strong><a title=\"T\u00e9l\u00e9chargement de Skype\" href=\"http:\/\/eika.bzh\/wp-content\/uploads\/2014\/12\/Logo-Skype.png\" target=\"_blank\" rel=\"noopener\"><img decoding=\"async\" loading=\"lazy\" class=\"alignnone wp-image-264 \" src=\"http:\/\/eika.bzh\/wp-content\/uploads\/2014\/12\/Logo-Skype.png\" alt=\"\" width=\"60\" height=\"60\" srcset=\"https:\/\/eika.bzh\/wp-content\/uploads\/2014\/12\/Logo-Skype.png 100w, https:\/\/eika.bzh\/wp-content\/uploads\/2014\/12\/Logo-Skype-90x90.png 90w\" sizes=\"(max-width: 60px) 100vw, 60px\" \/><\/a> <span style=\"color: #000000;\"><a style=\"color: #000000; text-decoration: none;\" href=\"http:\/\/www.skype.com\/fr\/download-skype\/skype-for-windows\/downloading\/\" target=\"_blank\" rel=\"noopener\">Skype<\/a><\/span><\/strong><\/p>\n<p><span class=\"st\">Logiciel gratuit qui permet aux utilisateurs de passer des appels t\u00e9l\u00e9phoniques, des messages \u00e9crits ou effectuer de la visioconf\u00e9rence via Internet.<\/span> <strong><span style=\"color: #000000;\"><a style=\"color: #000000; text-decoration: none;\" title=\"site officiel Skype\" href=\"http:\/\/www.skype.com\/fr\/\">Site officiel<\/a><\/span><\/strong><\/p>\n<p><span style=\"color: #000000;\"><a style=\"color: #000000; text-decoration: none;\" href=\"http:\/\/fr.file70.com\/programs\/openoffice\/download\/175\" target=\"_blank\" rel=\"noopener\"><strong>Open Office<\/strong><\/a><\/span><\/p>\n<p>Suite de logiciels de bureautique (traitement de texte, tableur &#8230;). <strong><span style=\"color: #000000;\"><a style=\"color: #000000; text-decoration: none;\" title=\"site officiel open office\" href=\"https:\/\/www.openoffice.org\/fr\/\">Site officiel<\/a><\/span><\/strong><\/p>\n<p><a title=\"T\u00e9l\u00e9chargement d'Open Office\" href=\"https:\/\/eika.bzh\/wp-content\/uploads\/2018\/08\/logo_caldav.png\" target=\"_blank\" rel=\"noopener\"><img decoding=\"async\" loading=\"lazy\" class=\"alignnone wp-image-409 \" src=\"https:\/\/eika.bzh\/wp-content\/uploads\/2018\/08\/logo_caldav.png\" alt=\"\" width=\"75\" height=\"75\" \/> <\/a><span style=\"color: #000000;\"><strong><a style=\"color: #000000;\" href=\"https:\/\/sourceforge.net\/projects\/outlookcaldavsynchronizer\/files\/latest\/download\" target=\"_blank\" rel=\"noopener\">CalDav<\/a>\u00a0 <\/strong><\/span><\/p>\n<p>Logiciel de synchronisation compatible avec Outlook 2016, 2013, 2010, 2007. Il permet de synchroniser les agendas et les contacts du WorkSpace via CalDav et CardDav.<\/p>\n<div id=\"skrollr-body\">\n<div id=\"wrap\">\n<div class=\"content\" role=\"main\"><\/div>\n<\/div>\n<\/div>\n","protected":false},"excerpt":{"rendered":"<p>Pour tout probl\u00e8me concernant votre mat\u00e9riel, Eika Informatique s&rsquo;occupe du service apr\u00e8s-vente. &nbsp; Utilisez le support Cliquez sur le bonhomme pour lancer le t\u00e9l\u00e9chargement du support, ex\u00e9cutez le une fois t\u00e9l\u00e9charg\u00e9 et communiquez l&rsquo;identifiant et le mot de passe \u00e0 notre technicien pour qu&rsquo;il puisse intervenir sur votre mat\u00e9riel \u00e0 distance. Contactez-nous Si toute fois [&hellip;]<\/p>\n","protected":false},"author":8,"featured_media":0,"parent":0,"menu_order":0,"comment_status":"closed","ping_status":"open","template":"","meta":[],"folder":[],"_links":{"self":[{"href":"https:\/\/archive.eika.bzh\/index.php?rest_route=\/wp\/v2\/pages\/69"}],"collection":[{"href":"https:\/\/archive.eika.bzh\/index.php?rest_route=\/wp\/v2\/pages"}],"about":[{"href":"https:\/\/archive.eika.bzh\/index.php?rest_route=\/wp\/v2\/types\/page"}],"author":[{"embeddable":true,"href":"https:\/\/archive.eika.bzh\/index.php?rest_route=\/wp\/v2\/users\/8"}],"replies":[{"embeddable":true,"href":"https:\/\/archive.eika.bzh\/index.php?rest_route=%2Fwp%2Fv2%2Fcomments&post=69"}],"version-history":[{"count":15,"href":"https:\/\/archive.eika.bzh\/index.php?rest_route=\/wp\/v2\/pages\/69\/revisions"}],"predecessor-version":[{"id":442,"href":"https:\/\/archive.eika.bzh\/index.php?rest_route=\/wp\/v2\/pages\/69\/revisions\/442"}],"wp:attachment":[{"href":"https:\/\/archive.eika.bzh\/index.php?rest_route=%2Fwp%2Fv2%2Fmedia&parent=69"}],"wp:term":[{"taxonomy":"folder","embeddable":true,"href":"https:\/\/archive.eika.bzh\/index.php?rest_route=%2Fwp%2Fv2%2Ffolder&post=69"}],"curies":[{"name":"wp","href":"https:\/\/api.w.org\/{rel}","templated":true}]}}