{"id":67,"date":"2014-12-24T11:04:45","date_gmt":"2014-12-24T11:04:45","guid":{"rendered":"http:\/\/eika-informatique.com\/~eika-ftp\/?page_id=67"},"modified":"2015-02-03T16:03:24","modified_gmt":"2015-02-03T15:03:24","slug":"contact","status":"publish","type":"page","link":"https:\/\/archive.eika.bzh\/?page_id=67","title":{"rendered":"Contact"},"content":{"rendered":"<div id=\"pl-67\"  class=\"panel-layout\" ><div id=\"pg-67-0\"  class=\"panel-grid panel-no-style\" ><div id=\"pgc-67-0-0\"  class=\"panel-grid-cell\" ><div id=\"panel-67-0-0-0\" class=\"so-panel widget widget_text panel-first-child panel-last-child\" data-index=\"0\" ><h3 class=\"widget-title\">Formulaire de contact<\/h3>\t\t\t<div class=\"textwidget\"><div role=\"form\" class=\"wpcf7\" id=\"wpcf7-f136-o1\" lang=\"fr-FR\" dir=\"ltr\">\n<div class=\"screen-reader-response\"><\/div>\n<form action=\"\/index.php?rest_route=%2Fwp%2Fv2%2Fpages%2F67#wpcf7-f136-o1\" method=\"post\" class=\"wpcf7-form\" novalidate=\"novalidate\">\n<div style=\"display: none;\">\n<input type=\"hidden\" name=\"_wpcf7\" value=\"136\" \/>\n<input type=\"hidden\" name=\"_wpcf7_version\" value=\"5.1.1\" \/>\n<input type=\"hidden\" name=\"_wpcf7_locale\" value=\"fr_FR\" \/>\n<input type=\"hidden\" name=\"_wpcf7_unit_tag\" value=\"wpcf7-f136-o1\" \/>\n<input type=\"hidden\" name=\"_wpcf7_container_post\" value=\"0\" \/>\n<input type=\"hidden\" name=\"g-recaptcha-response\" value=\"\" \/>\n<\/div>\n<p>Votre nom (obligatoire)<br \/>\n    <span class=\"wpcf7-form-control-wrap your-name\"><input type=\"text\" name=\"your-name\" value=\"\" size=\"40\" class=\"wpcf7-form-control wpcf7-text wpcf7-validates-as-required\" aria-required=\"true\" aria-invalid=\"false\" \/><\/span> <\/p>\n<p>Votre email (obligatoire)<br \/>\n    <span class=\"wpcf7-form-control-wrap your-email\"><input type=\"email\" name=\"your-email\" value=\"\" size=\"40\" class=\"wpcf7-form-control wpcf7-text wpcf7-email wpcf7-validates-as-required wpcf7-validates-as-email\" aria-required=\"true\" aria-invalid=\"false\" \/><\/span> <\/p>\n<p>Objet de votre demande<br \/>\n<span class=\"wpcf7-form-control-wrap liste-choix\"><select name=\"liste-choix\" class=\"wpcf7-form-control wpcf7-select\" aria-invalid=\"false\"><option value=\"\">---<\/option><option value=\"Votre compte\">Votre compte<\/option><option value=\"Suivi de votre commande\">Suivi de votre commande<\/option><option value=\"La soci\u00e9t\u00e9 EIKA\">La soci\u00e9t\u00e9 EIKA<\/option><option value=\"Demande de conseils\">Demande de conseils<\/option><option value=\"Retour\/remboursement de votre commande\">Retour\/remboursement de votre commande<\/option><option value=\"Devis\">Devis<\/option><option value=\"Autres\">Autres<\/option><\/select><\/span><\/p>\n<p>Votre message<br \/>\n    <span class=\"wpcf7-form-control-wrap your-message\"><textarea name=\"your-message\" cols=\"40\" rows=\"10\" class=\"wpcf7-form-control wpcf7-textarea\" aria-invalid=\"false\"><\/textarea><\/span> <\/p>\n<p><span class=\"wpcf7-form-control-wrap rgpd\"><span class=\"wpcf7-form-control wpcf7-checkbox wpcf7-validates-as-required\"><span class=\"wpcf7-list-item first last\"><input type=\"checkbox\" name=\"rgpd[]\" value=\"Je consens au traitement de mes donn\u00e9es personnelles. Nous ne revendons aucune donn\u00e9e, pour en savoir plus, consultez nos mentions l\u00e9gales\" \/><span class=\"wpcf7-list-item-label\">Je consens au traitement de mes donn\u00e9es personnelles. Nous ne revendons aucune donn\u00e9e, pour en savoir plus, consultez nos mentions l\u00e9gales<\/span><\/span><\/span><\/span><\/p>\n<p><input type=\"submit\" value=\"Envoyer\" class=\"wpcf7-form-control wpcf7-submit\" \/><\/p>\n<div class=\"wpcf7-response-output wpcf7-display-none\"><\/div><\/form><\/div><\/div>\n\t\t<\/div><\/div><div id=\"pgc-67-0-1\"  class=\"panel-grid-cell\" ><div id=\"panel-67-0-1-0\" class=\"so-panel widget widget_text panel-first-child panel-last-child\" data-index=\"1\" ><h3 class=\"widget-title\">Nous trouver<\/h3>\t\t\t<div class=\"textwidget\"><iframe src=\"https:\/\/www.google.com\/maps\/embed?pb=!1m14!1m8!1m3!1d2670.0615344001008!2d-4.120024918489989!3d47.993197942888884!3m2!1i1024!2i768!4f13.1!3m3!1m2!1s0x4810d59dc237ba53%3A0x661f0cf7f86631ac!2sEika+Informatique!5e0!3m2!1sfr!2sfr!4v1422974607356\" frameborder=\"0\"><\/iframe><\/p>\n&nbsp;<\/div>\n\t\t<\/div><\/div><\/div><div id=\"pg-67-1\"  class=\"panel-grid panel-no-style\" ><div id=\"pgc-67-1-0\"  class=\"panel-grid-cell panel-grid-cell-empty panel-grid-cell-mobile-last\" ><\/div><div id=\"pgc-67-1-1\"  class=\"panel-grid-cell panel-grid-cell-empty\" ><\/div><\/div><\/div>","protected":false},"excerpt":{"rendered":"<p>&nbsp;<\/p>\n","protected":false},"author":8,"featured_media":0,"parent":0,"menu_order":0,"comment_status":"closed","ping_status":"open","template":"","meta":[],"folder":[],"_links":{"self":[{"href":"https:\/\/archive.eika.bzh\/index.php?rest_route=\/wp\/v2\/pages\/67"}],"collection":[{"href":"https:\/\/archive.eika.bzh\/index.php?rest_route=\/wp\/v2\/pages"}],"about":[{"href":"https:\/\/archive.eika.bzh\/index.php?rest_route=\/wp\/v2\/types\/page"}],"author":[{"embeddable":true,"href":"https:\/\/archive.eika.bzh\/index.php?rest_route=\/wp\/v2\/users\/8"}],"replies":[{"embeddable":true,"href":"https:\/\/archive.eika.bzh\/index.php?rest_route=%2Fwp%2Fv2%2Fcomments&post=67"}],"version-history":[{"count":12,"href":"https:\/\/archive.eika.bzh\/index.php?rest_route=\/wp\/v2\/pages\/67\/revisions"}],"predecessor-version":[{"id":149,"href":"https:\/\/archive.eika.bzh\/index.php?rest_route=\/wp\/v2\/pages\/67\/revisions\/149"}],"wp:attachment":[{"href":"https:\/\/archive.eika.bzh\/index.php?rest_route=%2Fwp%2Fv2%2Fmedia&parent=67"}],"wp:term":[{"taxonomy":"folder","embeddable":true,"href":"https:\/\/archive.eika.bzh\/index.php?rest_route=%2Fwp%2Fv2%2Ffolder&post=67"}],"curies":[{"name":"wp","href":"https:\/\/api.w.org\/{rel}","templated":true}]}}