{"id":65,"date":"2014-12-24T11:04:11","date_gmt":"2014-12-24T11:04:11","guid":{"rendered":"http:\/\/eika-informatique.com\/~eika-ftp\/?page_id=65"},"modified":"2023-01-31T15:06:22","modified_gmt":"2023-01-31T14:06:22","slug":"nous-connaitre","status":"publish","type":"page","link":"https:\/\/archive.eika.bzh\/?page_id=65","title":{"rendered":"Nous conna\u00eetre"},"content":{"rendered":"<p align=\"justify\"><span style=\"font-family: inherit, sans-serif;\"><span style=\"font-size: small;\">Fond\u00e9e en 2001, la SARL Eika Informatique est sp\u00e9cialis\u00e9e dans la <strong>vente, l&rsquo;installation et la r\u00e9paration de mat\u00e9riel informatique<\/strong>. Situ\u00e9e \u00e0 Fouesnant dans le Finist\u00e8re, nos prestations sont destin\u00e9es tant aux particuliers qu&rsquo;aux professionnels. Forts de notre exp\u00e9rience dans le domaine de l&rsquo;informatique, nous avons pu d\u00e9velopper nos activit\u00e9s afin de r\u00e9pondre au mieux aux attentes de nos clients. Nous vous proposons ainsi la vente et la r\u00e9paration de mat\u00e9riel informatique, la r\u00e9cup\u00e9ration de donn\u00e9es et la sauvegarde en ligne, ou encore des contrats de maintenance et l&rsquo;assistance en ligne.<\/span><\/span><\/p>\n<p align=\"justify\"><span style=\"font-family: inherit, sans-serif;\"><span style=\"font-size: small;\">Membre de la <\/span><\/span><span style=\"font-family: 'inherit', sans-serif;\"><span style=\"font-size: small;\">F\u00e9d\u00e9ration des Revendeurs et Prestataires Informatiques Ind\u00e9pendants <\/span><\/span><span style=\"font-family: inherit, sans-serif;\"><span style=\"font-size: small;\">(FRP2i), <\/span><\/span><span style=\"font-family: 'inherit', sans-serif;\"><span style=\"font-size: small;\">nous avons pour objectif la satisfaction de nos clients gr\u00e2ce \u00e0 une qualit\u00e9 de nos services et des produits propos\u00e9s, le respect de l&rsquo;\u00e9thique, et le soucis de l&rsquo;environnement.<\/span><\/span><\/p>\n<p align=\"justify\"><span style=\"font-size: 20px;\"> <span style=\"color: #3b3b3b;\">Nos prestations<\/span><\/span><\/p>\n<ul>\n<li><strong><span style=\"font-size: small;\">Vente<\/span><\/strong><\/li>\n<\/ul>\n<p align=\"justify\"><span style=\"font-size: small;\">Eika Informatique vous propose un choix vari\u00e9 de mat\u00e9riels informatiques neufs. Ordinateurs de bureau, ordinateurs portables, tablettes, imprimantes, pi\u00e8ces d\u00e9tach\u00e9es, logiciels, disques durs, graveurs externes, cartes SD, enceintes pour ordinateurs ou encore d&rsquo;autres accessoires informatiques, nous avons s\u00e9lectionn\u00e9 pour vous les meilleurs produits du march\u00e9 au juste prix. <\/span><span style=\"font-family: 'inherit', sans-serif;\"><span style=\"font-size: small;\">Faites vos achats d<\/span><\/span><span style=\"font-family: 'inherit', sans-serif;\"><span style=\"font-size: small;\">irectement sur notre site internet <\/span><\/span><span style=\"font-family: 'inherit', sans-serif;\"><span style=\"font-size: small;\">\u00e0 tout moment,<\/span><\/span> <span style=\"font-family: 'inherit', sans-serif;\"><span style=\"font-size: small;\">ou <\/span><\/span><span style=\"font-family: 'inherit', sans-serif;\"><span style=\"font-size: small;\">dans notre boutique \u00e0 Fouesnant <\/span><\/span><span style=\"font-size: small;\">du lundi au vendredi (du lundi au vendredi de 9h \u00e0 12h30 et de 14h \u00e0 18h30).<\/span><\/p>\n<ul>\n<li><strong><span style=\"font-size: small;\">Installation<\/span><\/strong><\/li>\n<\/ul>\n<p align=\"justify\"><span style=\"font-size: small;\">Lors de vos achats de mat\u00e9riel informatique, si une installation sp\u00e9ciale est n\u00e9cessaire, nos techniciens pourront venir \u00e0 votre domicile afin de vous livrer et installer votre mat\u00e9riel. <\/span><\/p>\n<ul>\n<li><strong><span style=\"font-size: small;\">D\u00e9pannage informatique<\/span><\/strong><\/li>\n<\/ul>\n<p align=\"justify\"><span style=\"font-size: small;\">Nos techniciens se d\u00e9placent et interviennent pour vous d\u00e9panner en cas de panne informatique, de mat\u00e9riels, logiciels ou de votre connexion internet. Nous effectuons des r\u00e9parations sur tous types d&rsquo;ordinateurs et de toutes marques, sur environnement Mac OS, Windows 10, 8, ou 7. Eika Informatique s&rsquo;engage <\/span><span style=\"font-size: small;\">\u00e0 vous d\u00e9panner le plus rapidement possible, tout en vous expliquant au mieux les raisons des dysfonctionnements pour vous \u00e9viter de reproduire ces m\u00eames pannes. Nos techniciens sont dipl\u00f4m\u00e9s et exp\u00e9riment\u00e9s, afin d&rsquo;offrir une r\u00e9ponse de qualit\u00e9 \u00e0 vos besoins. <\/span><\/p>\n<ul>\n<li><strong><span style=\"font-size: small;\">T\u00e9l\u00e9phonie<\/span><\/strong><\/li>\n<\/ul>\n<p align=\"justify\"><span style=\"font-size: small;\">Nous intervenons \u00e9galement dans le domaine de la t\u00e9l\u00e9phonie. Eika Informatique la vente de t\u00e9l\u00e9phones et de solutions de standards t\u00e9l\u00e9phoniques pour les professionnels, adapt\u00e9es \u00e0 la taille et aux besoins de votre entreprise.<\/span><\/p>\n<ul>\n<li><strong><span style=\"font-family: 'Trebuchet MS', sans-serif;\"><span style=\"font-size: small;\">Assistance en ligne et contrats de maintenance<\/span><\/span><\/strong><\/li>\n<\/ul>\n<p align=\"justify\"><span style=\"font-size: small;\">Eika Informatique offre \u00e9galement des solutions personnalis\u00e9es et adapt\u00e9es aux professionnels. Ordinateurs sur mesure en fonction des besoins de votre entreprise, mat\u00e9riels ergonomiques, portable sp\u00e9cial industrie. Nous proposons \u00e9galement l&rsquo;assistance en ligne sur simple appel, avec intervention imm\u00e9diate sans d\u00e9placement de mat\u00e9riel ni attente de d\u00e9panneur (configuration mat\u00e9riel, installation p\u00e9riph\u00e9riques ou encore renouvellement de vos licences antivirus). Vous pourrez \u00e9galement souscrire \u00e0 un contrat de maintenance apr\u00e8s l&rsquo;\u00e9tude des besoins dans votre entreprise.<\/span><\/p>\n<ul>\n<li><strong><span style=\"font-size: small;\">R\u00e9cup\u00e9ration de donn\u00e9es et sauvegarde en ligne<\/span><\/strong><\/li>\n<\/ul>\n<p align=\"justify\"><span style=\"font-size: small;\">En cas de donn\u00e9es perdues ou effac\u00e9s, nous r\u00e9alisons pour vous la r\u00e9cup\u00e9ration de vos donn\u00e9es. Avec nos solutions de sauvegarde en ligne, vos sauvegardes seront effectu\u00e9es quotidiennement sous le contr\u00f4le de nos techniciens, gr\u00e2ce \u00e0 un abonnement mensuel.<\/span><\/p>\n<p align=\"justify\"><span style=\"font-size: small;\">N&rsquo;h\u00e9sitez \u00e0 nous contacter par mail pour la r\u00e9alisation d&rsquo;un devis gratuit et sans engagement : contact@eika.bzh<br \/>\n<\/span><\/p>\n","protected":false},"excerpt":{"rendered":"<p>Fond\u00e9e en 2001, la SARL Eika Informatique est sp\u00e9cialis\u00e9e dans la vente, l&rsquo;installation et la r\u00e9paration de mat\u00e9riel informatique. Situ\u00e9e \u00e0 Fouesnant dans le Finist\u00e8re, nos prestations sont destin\u00e9es tant aux particuliers qu&rsquo;aux professionnels. Forts de notre exp\u00e9rience dans le domaine de l&rsquo;informatique, nous avons pu d\u00e9velopper nos activit\u00e9s afin de r\u00e9pondre au mieux aux [&hellip;]<\/p>\n","protected":false},"author":8,"featured_media":0,"parent":0,"menu_order":0,"comment_status":"closed","ping_status":"open","template":"","meta":[],"folder":[],"_links":{"self":[{"href":"https:\/\/archive.eika.bzh\/index.php?rest_route=\/wp\/v2\/pages\/65"}],"collection":[{"href":"https:\/\/archive.eika.bzh\/index.php?rest_route=\/wp\/v2\/pages"}],"about":[{"href":"https:\/\/archive.eika.bzh\/index.php?rest_route=\/wp\/v2\/types\/page"}],"author":[{"embeddable":true,"href":"https:\/\/archive.eika.bzh\/index.php?rest_route=\/wp\/v2\/users\/8"}],"replies":[{"embeddable":true,"href":"https:\/\/archive.eika.bzh\/index.php?rest_route=%2Fwp%2Fv2%2Fcomments&post=65"}],"version-history":[{"count":11,"href":"https:\/\/archive.eika.bzh\/index.php?rest_route=\/wp\/v2\/pages\/65\/revisions"}],"predecessor-version":[{"id":445,"href":"https:\/\/archive.eika.bzh\/index.php?rest_route=\/wp\/v2\/pages\/65\/revisions\/445"}],"wp:attachment":[{"href":"https:\/\/archive.eika.bzh\/index.php?rest_route=%2Fwp%2Fv2%2Fmedia&parent=65"}],"wp:term":[{"taxonomy":"folder","embeddable":true,"href":"https:\/\/archive.eika.bzh\/index.php?rest_route=%2Fwp%2Fv2%2Ffolder&post=65"}],"curies":[{"name":"wp","href":"https:\/\/api.w.org\/{rel}","templated":true}]}}