{"id":210,"date":"2015-02-19T12:56:39","date_gmt":"2015-02-19T11:56:39","guid":{"rendered":"http:\/\/eika-informatique.com\/~eika-ftp\/?page_id=210"},"modified":"2023-01-31T15:33:22","modified_gmt":"2023-01-31T14:33:22","slug":"mentions-legales","status":"publish","type":"page","link":"https:\/\/archive.eika.bzh\/?page_id=210","title":{"rendered":"Mentions l\u00e9gales"},"content":{"rendered":"<p><span style=\"text-align: justify;\"><strong>Nom de l&rsquo;entreprise :<\/strong> Sarl Eika informatique<br \/>\n<strong>Adresse :<\/strong> 26d, route de Quimper 29170 Fouesnant<br \/>\n<strong>N\u00b0 Siret : <\/strong>43902908300060<br \/>\n<strong>Email :<\/strong> contact@eika.bzh<br \/>\n<strong>Responsable de publication :<\/strong> Dominique Soler<br \/>\n<strong>Graphisme :<\/strong><br \/>\n<strong>Conception et d\u00e9veloppement du site : <\/strong><br \/>\n<strong>H\u00e9bergeur :<\/strong> INFOMANIAK NETWORK SA, 26, Avenue de la Praille, 1227 Carouge \/ Gen\u00e8ve SUISSE<br \/>\n<\/span><\/p>\n<p><span style=\"text-align: justify;\"><strong>Responsabilit\u00e9<\/strong><\/span><\/p>\n<p>Malgr\u00e9 des contr\u00f4les minutieux des contenus, Sarl Eika informatique ne saurait en aucun cas \u00eatre tenue pour responsable du contenu des liens externes install\u00e9s sur les pages Internet du site www.eika.bzh. Seuls les auteurs de ces pages Internet sont responsables du contenu des liens externes.<\/p>\n<p><strong>Politique de confidentialit\u00e9<\/strong><\/p>\n<p>Nous appr\u00e9cions l\u2019int\u00e9r\u00eat que vous portez \u00e0 notre site Web. Malgr\u00e9 de minutieuses v\u00e9rifications, nous ne pouvons assumer de responsabilit\u00e9 pour le contenu des liens externes. Nous attachons une grande importance \u00e0 la protection de la vie priv\u00e9e des personnes qui naviguent sur notre site Internet. Vos donn\u00e9es personnelles sont prot\u00e9g\u00e9es conform\u00e9ment aux dispositions l\u00e9gales en vigueur. Ci-apr\u00e8s vous trouverez les renseignements sur les donn\u00e9es que nous saisissons lors de votre visite sur notre site Web et l\u2019usage que nous en faisons :<\/p>\n<p><strong>1. Collecte et traitement des donn\u00e9es<\/strong><\/p>\n<p>Chaque acc\u00e8s \u00e0 notre site Internet et chaque t\u00e9l\u00e9chargement de fichiers sur notre site Internet sont enregistr\u00e9s. Ces informations sont utilis\u00e9es pour un usage interne \u00e0 des fins statistiques. Les informations enregistr\u00e9es sont: le nom du fichier, la date et l&rsquo;heure du t\u00e9l\u00e9chargement, le volume de donn\u00e9es transf\u00e9r\u00e9es, le message que le t\u00e9l\u00e9chargement a \u00e9t\u00e9 effectu\u00e9, le navigateur et le site Internet qui vous a amen\u00e9 sur notre site ainsi que l\u2019adresse IP. Aucune autre information personnelle n\u2019est enregistr\u00e9e, sauf si vous saisissez d\u00e9lib\u00e9r\u00e9ment des informations, comme par exemple sur un formulaire de r\u00e9ponse.<\/p>\n<p><strong>2. Utilisation et transmission de donn\u00e9es personnelles<\/strong><\/p>\n<p>Dans la mesure o\u00f9 vous avez saisi des donn\u00e9es personnelles, nous n\u2019utiliserons celles-ci que pour r\u00e9pondre \u00e0 vos demandes, pour l&rsquo;ex\u00e9cution de votre contrat et pour tous les travaux administratifs. Vos donn\u00e9es personnelles ne sont transmises \u00e0 des tiers ou \u00e0 d&rsquo;autres entreprises, que si cela est n\u00e9cessaire pour l&rsquo;ex\u00e9cution du contrat, en particulier le transfert des donn\u00e9es de la commande aux fournisseurs ou si vous avez pr\u00e9alablement donn\u00e9 votre accord. A tout moment, vous avez le droit de r\u00e9voquer un accord que vous nous avez donn\u00e9. Les donn\u00e9es personnelles sont radi\u00e9es, si vous en faites la demande, si l&rsquo;objectif de l&rsquo;enregistrement est devenu caduque ou si l\u2019enregistrement de ces donn\u00e9es est prohib\u00e9 par des dispositions l\u00e9gales.<\/p>\n<p><strong>3. Droit d&rsquo;information<\/strong><\/p>\n<p>Sur demande \u00e9crite, nous vous fournirons toutes les donn\u00e9es personnelles vous concernant. Lors de la saisie de vos donn\u00e9es personnelles, nous nous effor\u00e7ons d\u2019emp\u00eacher par des mesures techniques et organisationnelles, qu\u2019elles ne soient pas intercept\u00e9es par des tiers. La s\u00e9curit\u00e9 de transmission des donn\u00e9es par courrier \u00e9lectronique ne pouvant pas \u00eatre garantie, nous vous conseillons de nous faire parvenir toutes les informations confidentielles par courrier normal.<\/p>\n<p><strong>Google Analytics<\/strong><\/p>\n<p>Ce site Web utilise Google Analytics, un service d\u2019analyse de sites Internet fourni par Google Inc. \u00ab Google \u00bb. Google Analytics utilise des cookies, des fichiers \u00ab texte \u00bb plac\u00e9s sur votre ordinateur, qui permettent d\u2019analyser comment vous utilisez le site Web. Les informations g\u00e9n\u00e9r\u00e9es par ces cookies (y compris votre adresse IP) sont transmises et enregistr\u00e9es sur un serveur de Google aux Etats-Unis. Google utilise ces informations pour \u00e9valuer votre comportement sur le site, pour \u00e9tablir des rapports sur les activit\u00e9s du site \u00e0 l\u2019usage de l\u2019op\u00e9rateur du site Web et de fournir d\u2019autres services. Google peut transmettre ces informations \u00e0 des tiers, si cela est exig\u00e9 par des dispositions l\u00e9gales ou si des tiers traitent ces donn\u00e9es pour le compte de Google. Google ne recoupera pas votre adresse IP avec les autres donn\u00e9es enregistr\u00e9es. Avec la configuration de certains param\u00e8tres de votre navigateur, vous avez la possibilit\u00e9 d\u2019emp\u00eacher l&rsquo;utilisation de cookies sur votre ordinateur. Nous vous informons toutefois, que dans ce cas, vous ne pourrez pas utiliser toutes les fonctionnalit\u00e9s de ce site Web. En navigant sur ce site Web, vous acceptez que Google enregistre et traite vos donn\u00e9es personnelles comme mentionn\u00e9 ci-dessus.<\/p>\n","protected":false},"excerpt":{"rendered":"<p>Nom de l&rsquo;entreprise : Sarl Eika informatique Adresse : 26d, route de Quimper 29170 Fouesnant N\u00b0 Siret : 43902908300060 Email : contact@eika.bzh Responsable de publication : Dominique Soler Graphisme : Conception et d\u00e9veloppement du site : H\u00e9bergeur : INFOMANIAK NETWORK SA, 26, Avenue de la Praille, 1227 Carouge \/ Gen\u00e8ve SUISSE Responsabilit\u00e9 Malgr\u00e9 des contr\u00f4les [&hellip;]<\/p>\n","protected":false},"author":8,"featured_media":0,"parent":0,"menu_order":0,"comment_status":"closed","ping_status":"closed","template":"","meta":[],"folder":[],"_links":{"self":[{"href":"https:\/\/archive.eika.bzh\/index.php?rest_route=\/wp\/v2\/pages\/210"}],"collection":[{"href":"https:\/\/archive.eika.bzh\/index.php?rest_route=\/wp\/v2\/pages"}],"about":[{"href":"https:\/\/archive.eika.bzh\/index.php?rest_route=\/wp\/v2\/types\/page"}],"author":[{"embeddable":true,"href":"https:\/\/archive.eika.bzh\/index.php?rest_route=\/wp\/v2\/users\/8"}],"replies":[{"embeddable":true,"href":"https:\/\/archive.eika.bzh\/index.php?rest_route=%2Fwp%2Fv2%2Fcomments&post=210"}],"version-history":[{"count":5,"href":"https:\/\/archive.eika.bzh\/index.php?rest_route=\/wp\/v2\/pages\/210\/revisions"}],"predecessor-version":[{"id":447,"href":"https:\/\/archive.eika.bzh\/index.php?rest_route=\/wp\/v2\/pages\/210\/revisions\/447"}],"wp:attachment":[{"href":"https:\/\/archive.eika.bzh\/index.php?rest_route=%2Fwp%2Fv2%2Fmedia&parent=210"}],"wp:term":[{"taxonomy":"folder","embeddable":true,"href":"https:\/\/archive.eika.bzh\/index.php?rest_route=%2Fwp%2Fv2%2Ffolder&post=210"}],"curies":[{"name":"wp","href":"https:\/\/api.w.org\/{rel}","templated":true}]}}