{"id":131,"date":"2015-02-03T15:07:32","date_gmt":"2015-02-03T14:07:32","guid":{"rendered":"http:\/\/eika-informatique.com\/~eika-ftp\/?page_id=131"},"modified":"2023-01-31T15:56:39","modified_gmt":"2023-01-31T14:56:39","slug":"accueil","status":"publish","type":"page","link":"https:\/\/archive.eika.bzh\/","title":{"rendered":"Accueil"},"content":{"rendered":"<div id=\"pl-131\"  class=\"panel-layout\" ><div id=\"pg-131-0\"  class=\"panel-grid panel-no-style\" ><div id=\"pgc-131-0-0\"  class=\"panel-grid-cell\" ><div id=\"panel-131-0-0-0\" class=\"so-panel widget widget_widget_sp_image widget_sp_image panel-first-child\" data-index=\"0\" ><h3 class=\"widget-title\">D\u00e9pannage informatique \u00e0 distance<\/h3><a href=\"http:\/\/eika.bzh\/sav\" target=\"_self\" class=\"widget_sp_image-image-link\" title=\"D\u00e9pannage informatique \u00e0 distance\"><img width=\"920\" height=\"460\" alt=\"D\u00e9pannage informatique \u00e0 distance\" class=\"attachment-full alignright\" style=\"max-width: 100%;\" srcset=\"https:\/\/eika.bzh\/wp-content\/uploads\/2016\/07\/assistance_a_distance.jpg 920w, https:\/\/eika.bzh\/wp-content\/uploads\/2016\/07\/assistance_a_distance-300x150.jpg 300w, https:\/\/eika.bzh\/wp-content\/uploads\/2016\/07\/assistance_a_distance-768x384.jpg 768w\" sizes=\"(max-width: 920px) 100vw, 920px\" src=\"https:\/\/eika.bzh\/wp-content\/uploads\/2016\/07\/assistance_a_distance.jpg\" \/><\/a><div class=\"widget_sp_image-description\" ><p>Eika Informatique vous propose un d\u00e9pannage \u00e0 distance en t\u00e9l\u00e9chargeant le logiciel TeamViewer. Gr\u00e2ce \u00e0 cela, nous pourrons contr\u00f4ler votre ordinateur \u00e0 distance afin de vous d\u00e9panner le plus rapidement possible.<\/p>\n<\/div><\/div><div id=\"panel-131-0-0-1\" class=\"so-panel widget widget_widget_sp_image widget_sp_image panel-last-child\" data-index=\"1\" ><h3 class=\"widget-title\">Revendeur Terra Partner<\/h3><a href=\"http:\/\/www.wortmann.de\/\" target=\"_blank\" class=\"widget_sp_image-image-link\" title=\"Revendeur Terra Partner\"><img width=\"340\" height=\"256\" alt=\"Revendeur Terra Partner\" class=\"attachment-full\" style=\"max-width: 100%;\" srcset=\"https:\/\/eika.bzh\/wp-content\/uploads\/2015\/02\/Revendeur-exclusif-Terra.png 340w, https:\/\/eika.bzh\/wp-content\/uploads\/2015\/02\/Revendeur-exclusif-Terra-300x226.png 300w\" sizes=\"(max-width: 340px) 100vw, 340px\" src=\"https:\/\/eika.bzh\/wp-content\/uploads\/2015\/02\/Revendeur-exclusif-Terra.png\" \/><\/a><div class=\"widget_sp_image-description\" ><p>Wortmann est une entreprise allemande, actuellement un des plus grands constructeurs d'ordinateurs ind\u00e9pendants europ\u00e9ens. Wortmann est pr\u00e9sent sur les march\u00e9s des ordinateurs personnels, ordinateur portables, serveurs d'entreprise et des moniteurs d'ordinateurs. Les produits sont vendus sous la marque \u201cTerra\u201d.<\/p>\n<\/div><\/div><\/div><div id=\"pgc-131-0-1\"  class=\"panel-grid-cell\" ><div id=\"panel-131-0-1-0\" class=\"so-panel widget widget_widget_sp_image widget_sp_image panel-first-child\" data-index=\"2\" ><h3 class=\"widget-title\">Contrat de maintenance<\/h3><a href=\"http:\/\/eika.bzh\/nous-connaitre\/\" target=\"_self\" class=\"widget_sp_image-image-link\" title=\"Contrat de maintenance\"><img width=\"340\" height=\"256\" alt=\"Contrat de maintenance\" class=\"attachment-full\" style=\"max-width: 100%;\" srcset=\"https:\/\/eika.bzh\/wp-content\/uploads\/2015\/02\/Contrat-de-maintenance.png 340w, https:\/\/eika.bzh\/wp-content\/uploads\/2015\/02\/Contrat-de-maintenance-300x226.png 300w\" sizes=\"(max-width: 340px) 100vw, 340px\" src=\"https:\/\/eika.bzh\/wp-content\/uploads\/2015\/02\/Contrat-de-maintenance.png\" \/><\/a><div class=\"widget_sp_image-description\" ><p>Eika Informatique propose des solutions de maintenance personnalis\u00e9es pour les professionnels. Quelle que soit la taille de votre parc informatique, notre entreprise vous propose une gamme de service de maintenance tels que mises \u00e0 jour, des sauvegardes ou du d\u00e9pannage.<\/p>\n<\/div><\/div><\/div><div id=\"pgc-131-0-2\"  class=\"panel-grid-cell\" ><div id=\"panel-131-0-2-0\" class=\"so-panel widget widget_text panel-first-child\" data-index=\"4\" ><h3 class=\"widget-title\">Eika Informatique<\/h3>\t\t\t<div class=\"textwidget\"><img src=\"img\/eikaNew.png\" border=2 width=350 height=256>\n26 d, Route de Quimper, 29170 FOUESNANT\nT\u00e9l : 02.98.55.23.91 \nHoraires d'ouvertures du magasin : \nLe lundi apr\u00e8s midi \u00e0 partir de 14h jusqu'\u00e0 18:30h.\nDu Mardi au Vendredi : 9:30h-12:30h et 14h-18:30h.\nDurant la p\u00e9riode estivale le magasin est ferm\u00e9 le Samedi.\n<\/br>\n<a href=\"http:\/\/eika-informatique.com\/~eika-ftp\/?page_id=67\">Nous contacter<\/a><\/div>\n\t\t<\/div><div id=\"panel-131-0-2-1\" class=\"so-panel widget widget_widget_sp_image widget_sp_image panel-last-child\" data-index=\"5\" ><h3 class=\"widget-title\">Membre FRP2I<\/h3><a href=\"http:\/\/www.frp2i.fr\/\" target=\"_blank\" class=\"widget_sp_image-image-link\" title=\"Membre FRP2I\"><img width=\"340\" height=\"256\" alt=\"Membre FRP2I\" class=\"attachment-full\" style=\"max-width: 100%;\" srcset=\"https:\/\/eika.bzh\/wp-content\/uploads\/2015\/02\/FRP2I.jpg 340w, https:\/\/eika.bzh\/wp-content\/uploads\/2015\/02\/FRP2I-300x226.jpg 300w\" sizes=\"(max-width: 340px) 100vw, 340px\" src=\"https:\/\/eika.bzh\/wp-content\/uploads\/2015\/02\/FRP2I.jpg\" \/><\/a><div class=\"widget_sp_image-description\" ><p>La FRP2I est la F\u00e9d\u00e9ration des Revendeurs et Prestataires Informatiques Ind\u00e9pendants.<br \/>\nC'est un groupement national de revendeurs ind\u00e9pendants, ayant pour buts : la satisfaction de leurs clients, le respect de l'\u00e9thique, le soucis de l'environnement et l'am\u00e9lioration de leur relations avec les acteurs professionnels des march\u00e9s IT<\/p>\n<\/div><\/div><\/div><\/div><div id=\"pg-131-1\"  class=\"panel-grid panel-no-style\" ><div id=\"pgc-131-1-0\"  class=\"panel-grid-cell\" ><div id=\"panel-131-1-0-0\" class=\"so-panel widget widget_circleicon-widget panel-first-child panel-last-child\" data-index=\"6\" >\t\t<div class=\"circle-icon-box circle-icon-position-top circle-icon-hide-box circle-icon-size-small\">\n\t\t\t<div class=\"circle-icon-wrapper\">\n                <a href=\"http:\/\/eika.bzh\/nous-connaitre\/\" class=\"link-icon\">\t\t\t\t<div class=\"circle-icon\" >\n\t\t\t\t\t<div class=\"fa fa-home\"><\/div>\t\t\t\t<\/div>\n                <\/a>\t\t\t<\/div>\n\n            <a href=\"http:\/\/eika.bzh\/nous-connaitre\/\" class=\"link-title\">\t\t\t<h4>Eika Informatique<\/h4>            <\/a>\n\t\t\t<p class=\"text\">Fond\u00e9e en 2001, la SARL Eika Informatique est sp\u00e9cialis\u00e9e dans la vente, l\u2019installation et la r\u00e9paration de mat\u00e9riel informatique. Situ\u00e9e \u00e0 Quimper dans le Finist\u00e8re, nos prestations sont destin\u00e9es tant aux particuliers qu\u2019aux professionnels. Forts de notre exp\u00e9rience dans le domaine de l\u2019informatique, nous avons pu d\u00e9velopper nos activit\u00e9s afin de r\u00e9pondre au mieux aux attentes de nos clients. Nous vous proposons ainsi la vente et la r\u00e9paration de t\u00e9l\u00e9phones, la r\u00e9cup\u00e9ration de donn\u00e9es et la sauvegarde en ligne, ou encore des contrats de maintenance et l\u2019assistance en ligne.<\/p>\t\t\t\t\t\t\t<a href=\"http:\/\/eika.bzh\/nous-connaitre\/\" class=\"more-button\">En savoir plus <i><\/i><\/a>\n\t\t\t\t\t<\/div>\n\t\t<\/div><\/div><\/div><div id=\"pg-131-2\"  class=\"panel-grid panel-no-style\" ><div id=\"pgc-131-2-0\"  class=\"panel-grid-cell\" ><div id=\"panel-131-2-0-0\" class=\"so-panel widget widget_siteorigin-panels-postloop panel-first-child panel-last-child\" data-index=\"7\" ><h3 class=\"widget-title\"><span class=\"vantage-carousel-title\"><span class=\"vantage-carousel-title-text\">Exemple de nos produits<\/span><a href=\"#\" class=\"next\" title=\"Next\"><span class=\"vantage-icon-arrow-right\"><\/span><\/a><a href=\"#\" class=\"previous\" title=\"Previous\"><span class=\"vantage-icon-arrow-left\"><\/span><\/a><\/span><\/h3><div class=\"vantage-carousel-wrapper\">\n\n\t\n\t<ul class=\"vantage-carousel\" data-query=\"{&quot;post_type&quot;:&quot;product&quot;,&quot;posts_per_page&quot;:4,&quot;orderby&quot;:&quot;date&quot;,&quot;order&quot;:&quot;DESC&quot;,&quot;so_sidebar_emulator_id&quot;:&quot;siteorigin-panels-postloop-13110007&quot;,&quot;option_name&quot;:&quot;widget_siteorigin-panels-postloop&quot;,&quot;panels_info&quot;:{&quot;class&quot;:&quot;SiteOrigin_Panels_Widgets_PostLoop&quot;,&quot;raw&quot;:false,&quot;grid&quot;:2,&quot;cell&quot;:0,&quot;id&quot;:7,&quot;widget_id&quot;:&quot;da67aad6-b5e4-472e-8bbf-500b3fb2a85d&quot;,&quot;style&quot;:{&quot;background_display&quot;:&quot;tile&quot;},&quot;cell_index&quot;:0,&quot;widget_index&quot;:7},&quot;paged&quot;:1,&quot;post__not_in&quot;:[131],&quot;lazy_load_term_meta&quot;:true}\" data-ajax-url=\"https:\/\/archive.eika.bzh\/wp-admin\/admin-ajax.php\">\n\t\t\t\t\t<li class=\"carousel-entry\">\n\t\t\t\t<div class=\"thumbnail\">\n\t\t\t\t\t\t\t\t\t\t\t<a href=\"https:\/\/archive.eika.bzh\/?p=242\" style=\"background-image: url(https:\/\/eika.bzh\/wp-content\/uploads\/2015\/02\/asus-memo-pad-7-pouces-272x182.jpg)\">\n\t\t\t\t\t\t\t<span class=\"sow-overlay\"><\/span>\n\t\t\t\t\t\t<\/a>\n\t\t\t\t\t\t\t\t\t<\/div>\n\t\t\t\t\t\t\t\t<h3><a href=\"https:\/\/archive.eika.bzh\/?p=242\">ASUS MEMO PAD 7 TABLETTE 16Go Wi-Fi<\/a><\/h3>\n\t\t\t<\/li>\n\t\t\t\t\t<li class=\"carousel-entry\">\n\t\t\t\t<div class=\"thumbnail\">\n\t\t\t\t\t\t\t\t\t\t\t<a href=\"https:\/\/archive.eika.bzh\/?p=240\" style=\"background-image: url(https:\/\/eika.bzh\/wp-content\/uploads\/2015\/02\/Samsung-Galaxy-TAB-3-272x182.jpg)\">\n\t\t\t\t\t\t\t<span class=\"sow-overlay\"><\/span>\n\t\t\t\t\t\t<\/a>\n\t\t\t\t\t\t\t\t\t<\/div>\n\t\t\t\t\t\t\t\t<h3><a href=\"https:\/\/archive.eika.bzh\/?p=240\">SAMSUNG GALAXY TAB 3 Wi-Fi<\/a><\/h3>\n\t\t\t<\/li>\n\t\t\t\t\t<li class=\"carousel-entry\">\n\t\t\t\t<div class=\"thumbnail\">\n\t\t\t\t\t\t\t\t\t\t\t<a href=\"https:\/\/archive.eika.bzh\/?p=238\" style=\"background-image: url(https:\/\/eika.bzh\/wp-content\/uploads\/2015\/02\/iPad-41-272x182.jpg)\">\n\t\t\t\t\t\t\t<span class=\"sow-overlay\"><\/span>\n\t\t\t\t\t\t<\/a>\n\t\t\t\t\t\t\t\t\t<\/div>\n\t\t\t\t\t\t\t\t<h3><a href=\"https:\/\/archive.eika.bzh\/?p=238\">Apple iPad 4 16Go Noir Wi-Fi<\/a><\/h3>\n\t\t\t<\/li>\n\t\t\t\t\t<li class=\"carousel-entry\">\n\t\t\t\t<div class=\"thumbnail\">\n\t\t\t\t\t\t\t\t\t\t\t<a href=\"https:\/\/archive.eika.bzh\/?p=236\" style=\"background-image: url(https:\/\/eika.bzh\/wp-content\/uploads\/2015\/02\/Samsung-Galaxy-S4-272x182.jpg)\">\n\t\t\t\t\t\t\t<span class=\"sow-overlay\"><\/span>\n\t\t\t\t\t\t<\/a>\n\t\t\t\t\t\t\t\t\t<\/div>\n\t\t\t\t\t\t\t\t<h3><a href=\"https:\/\/archive.eika.bzh\/?p=236\">Samsung Galaxy S4<\/a><\/h3>\n\t\t\t<\/li>\n\t\t\t<\/ul>\n<\/div><\/div><\/div><\/div><\/div>","protected":false},"excerpt":{"rendered":"<p>Eika Informatique 26 d, Route de Quimper, 29170 FOUESNANT T\u00e9l : 02.98.55.23.91 Horaires d&rsquo;ouvertures du magasin : Le lundi apr\u00e8s midi \u00e0 partir de 14h jusqu&rsquo;\u00e0 18:30h. Du Mardi au Vendredi : 9:30h-12:30h et 14h-18:30h. Durant la p\u00e9riode estivale le magasin est ferm\u00e9 le Samedi. Nous contacter<\/p>\n","protected":false},"author":8,"featured_media":366,"parent":0,"menu_order":0,"comment_status":"closed","ping_status":"closed","template":"home-panels.php","meta":[],"folder":[],"_links":{"self":[{"href":"https:\/\/archive.eika.bzh\/index.php?rest_route=\/wp\/v2\/pages\/131"}],"collection":[{"href":"https:\/\/archive.eika.bzh\/index.php?rest_route=\/wp\/v2\/pages"}],"about":[{"href":"https:\/\/archive.eika.bzh\/index.php?rest_route=\/wp\/v2\/types\/page"}],"author":[{"embeddable":true,"href":"https:\/\/archive.eika.bzh\/index.php?rest_route=\/wp\/v2\/users\/8"}],"replies":[{"embeddable":true,"href":"https:\/\/archive.eika.bzh\/index.php?rest_route=%2Fwp%2Fv2%2Fcomments&post=131"}],"version-history":[{"count":58,"href":"https:\/\/archive.eika.bzh\/index.php?rest_route=\/wp\/v2\/pages\/131\/revisions"}],"predecessor-version":[{"id":452,"href":"https:\/\/archive.eika.bzh\/index.php?rest_route=\/wp\/v2\/pages\/131\/revisions\/452"}],"wp:featuredmedia":[{"embeddable":true,"href":"https:\/\/archive.eika.bzh\/index.php?rest_route=\/wp\/v2\/media\/366"}],"wp:attachment":[{"href":"https:\/\/archive.eika.bzh\/index.php?rest_route=%2Fwp%2Fv2%2Fmedia&parent=131"}],"wp:term":[{"taxonomy":"folder","embeddable":true,"href":"https:\/\/archive.eika.bzh\/index.php?rest_route=%2Fwp%2Fv2%2Ffolder&post=131"}],"curies":[{"name":"wp","href":"https:\/\/api.w.org\/{rel}","templated":true}]}}